{"id":1233,"date":"2022-06-30T08:41:41","date_gmt":"2022-06-30T06:41:41","guid":{"rendered":"https:\/\/gral-gmbh.de\/agency\/team\/"},"modified":"2022-06-30T08:41:41","modified_gmt":"2022-06-30T06:41:41","slug":"team","status":"publish","type":"page","link":"https:\/\/gral-gmbh.de\/en\/agency\/team\/","title":{"rendered":"Team"},"content":{"rendered":"<p>Wer sich auf YouTube am liebsten springende Babyziegen anschaut, wer als Kind gerne Dolmetscherin geworden w\u00e4re und wem wir es verdanken, dass wir endlich wissen, was das finnische Wort f\u00fcr Weihnachtsmann ist &#8211; das alles ist demn\u00e4chst auf den Vorstellungseiten unserer Teammitglieder zu erfahren!<\/p>\n<h3>Du bist mindestens genauso eventbegeistert wie wir und m\u00f6chtest Teil von <strong>#teamgral<\/strong> werden?<br \/>\nDann informiere dich gern \u00fcber die aktuell<a href=\"https:\/\/gral-gmbh.de\/agentur\/jobs\/\"> offenen Stellen <\/a>in unserer Agentur!<\/h3>\n","protected":false},"excerpt":{"rendered":"<p>Wer sich auf YouTube am liebsten springende Babyziegen anschaut, wer als Kind gerne Dolmetscherin geworden w\u00e4re und wem wir es verdanken, dass wir endlich wissen, was das finnische Wort f\u00fcr Weihnachtsmann ist &#8211; das alles ist demn\u00e4chst auf den Vorstellungseiten unserer Teammitglieder zu erfahren! Du bist mindestens genauso eventbegeistert wie wir und m\u00f6chtest Teil von [&hellip;]<\/p>\n","protected":false},"author":1,"featured_media":1134,"parent":1228,"menu_order":0,"comment_status":"closed","ping_status":"closed","template":"template-team.php","meta":[],"acf":[],"yoast_head":"<!-- This site is optimized with the Yoast SEO plugin v19.11 - https:\/\/yoast.com\/wordpress\/plugins\/seo\/ -->\n<title>Team - Gral GmbH<\/title>\n<meta name=\"description\" content=\"Menschlich und famili\u00e4r, transparent, kreativ und vielseitig, humorvoll und gerne mal laut: das Team der GRAL stellt sich vor.\" \/>\n<meta name=\"robots\" content=\"index, follow, max-snippet:-1, max-image-preview:large, max-video-preview:-1\" \/>\n<link rel=\"canonical\" href=\"https:\/\/gral-gmbh.de\/en\/agency\/team\/\" \/>\n<meta property=\"og:locale\" content=\"en_US\" \/>\n<meta property=\"og:type\" content=\"article\" \/>\n<meta property=\"og:title\" content=\"Team - Gral GmbH\" \/>\n<meta property=\"og:description\" content=\"Menschlich und famili\u00e4r, transparent, kreativ und vielseitig, humorvoll und gerne mal laut: das Team der GRAL stellt sich vor.\" \/>\n<meta property=\"og:url\" content=\"https:\/\/gral-gmbh.de\/en\/agency\/team\/\" \/>\n<meta property=\"og:site_name\" content=\"Gral GmbH\" \/>\n<meta property=\"og:image\" content=\"https:\/\/gral-gmbh.de\/wp-content\/uploads\/2022\/12\/jobs-scaled.jpeg\" \/>\n\t<meta property=\"og:image:width\" content=\"2560\" \/>\n\t<meta property=\"og:image:height\" content=\"934\" \/>\n\t<meta property=\"og:image:type\" content=\"image\/jpeg\" \/>\n<meta name=\"twitter:card\" content=\"summary_large_image\" \/>\n<meta name=\"twitter:label1\" content=\"Est. reading time\" \/>\n\t<meta name=\"twitter:data1\" content=\"1 minute\" \/>\n<script type=\"application\/ld+json\" class=\"yoast-schema-graph\">{\"@context\":\"https:\/\/schema.org\",\"@graph\":[{\"@type\":\"WebPage\",\"@id\":\"https:\/\/gral-gmbh.de\/en\/agency\/team\/\",\"url\":\"https:\/\/gral-gmbh.de\/en\/agency\/team\/\",\"name\":\"Team - Gral GmbH\",\"isPartOf\":{\"@id\":\"https:\/\/gral-gmbh.de\/#website\"},\"datePublished\":\"2022-06-30T06:41:41+00:00\",\"dateModified\":\"2022-06-30T06:41:41+00:00\",\"description\":\"Menschlich und famili\u00e4r, transparent, kreativ und vielseitig, humorvoll und gerne mal laut: das Team der GRAL stellt sich vor.\",\"breadcrumb\":{\"@id\":\"https:\/\/gral-gmbh.de\/en\/agency\/team\/#breadcrumb\"},\"inLanguage\":\"en-US\",\"potentialAction\":[{\"@type\":\"ReadAction\",\"target\":[\"https:\/\/gral-gmbh.de\/en\/agency\/team\/\"]}]},{\"@type\":\"BreadcrumbList\",\"@id\":\"https:\/\/gral-gmbh.de\/en\/agency\/team\/#breadcrumb\",\"itemListElement\":[{\"@type\":\"ListItem\",\"position\":1,\"name\":\"Home\",\"item\":\"https:\/\/gral-gmbh.de\/en\/\"},{\"@type\":\"ListItem\",\"position\":2,\"name\":\"Agency\",\"item\":\"https:\/\/gral-gmbh.de\/en\/agency\/\"},{\"@type\":\"ListItem\",\"position\":3,\"name\":\"Team\"}]},{\"@type\":\"WebSite\",\"@id\":\"https:\/\/gral-gmbh.de\/#website\",\"url\":\"https:\/\/gral-gmbh.de\/\",\"name\":\"Gral GmbH\",\"description\":\"Eine weitere WordPress-Website\",\"potentialAction\":[{\"@type\":\"SearchAction\",\"target\":{\"@type\":\"EntryPoint\",\"urlTemplate\":\"https:\/\/gral-gmbh.de\/?s={search_term_string}\"},\"query-input\":\"required name=search_term_string\"}],\"inLanguage\":\"en-US\"}]}<\/script>\n<!-- \/ Yoast SEO plugin. -->","yoast_head_json":{"title":"Team - Gral GmbH","description":"Menschlich und famili\u00e4r, transparent, kreativ und vielseitig, humorvoll und gerne mal laut: das Team der GRAL stellt sich vor.","robots":{"index":"index","follow":"follow","max-snippet":"max-snippet:-1","max-image-preview":"max-image-preview:large","max-video-preview":"max-video-preview:-1"},"canonical":"https:\/\/gral-gmbh.de\/en\/agency\/team\/","og_locale":"en_US","og_type":"article","og_title":"Team - Gral GmbH","og_description":"Menschlich und famili\u00e4r, transparent, kreativ und vielseitig, humorvoll und gerne mal laut: das Team der GRAL stellt sich vor.","og_url":"https:\/\/gral-gmbh.de\/en\/agency\/team\/","og_site_name":"Gral GmbH","og_image":[{"width":2560,"height":934,"url":"https:\/\/gral-gmbh.de\/wp-content\/uploads\/2022\/12\/jobs-scaled.jpeg","type":"image\/jpeg"}],"twitter_card":"summary_large_image","twitter_misc":{"Est. reading time":"1 minute"},"schema":{"@context":"https:\/\/schema.org","@graph":[{"@type":"WebPage","@id":"https:\/\/gral-gmbh.de\/en\/agency\/team\/","url":"https:\/\/gral-gmbh.de\/en\/agency\/team\/","name":"Team - Gral GmbH","isPartOf":{"@id":"https:\/\/gral-gmbh.de\/#website"},"datePublished":"2022-06-30T06:41:41+00:00","dateModified":"2022-06-30T06:41:41+00:00","description":"Menschlich und famili\u00e4r, transparent, kreativ und vielseitig, humorvoll und gerne mal laut: das Team der GRAL stellt sich vor.","breadcrumb":{"@id":"https:\/\/gral-gmbh.de\/en\/agency\/team\/#breadcrumb"},"inLanguage":"en-US","potentialAction":[{"@type":"ReadAction","target":["https:\/\/gral-gmbh.de\/en\/agency\/team\/"]}]},{"@type":"BreadcrumbList","@id":"https:\/\/gral-gmbh.de\/en\/agency\/team\/#breadcrumb","itemListElement":[{"@type":"ListItem","position":1,"name":"Home","item":"https:\/\/gral-gmbh.de\/en\/"},{"@type":"ListItem","position":2,"name":"Agency","item":"https:\/\/gral-gmbh.de\/en\/agency\/"},{"@type":"ListItem","position":3,"name":"Team"}]},{"@type":"WebSite","@id":"https:\/\/gral-gmbh.de\/#website","url":"https:\/\/gral-gmbh.de\/","name":"Gral GmbH","description":"Eine weitere WordPress-Website","potentialAction":[{"@type":"SearchAction","target":{"@type":"EntryPoint","urlTemplate":"https:\/\/gral-gmbh.de\/?s={search_term_string}"},"query-input":"required name=search_term_string"}],"inLanguage":"en-US"}]}},"_links":{"self":[{"href":"https:\/\/gral-gmbh.de\/en\/wp-json\/wp\/v2\/pages\/1233"}],"collection":[{"href":"https:\/\/gral-gmbh.de\/en\/wp-json\/wp\/v2\/pages"}],"about":[{"href":"https:\/\/gral-gmbh.de\/en\/wp-json\/wp\/v2\/types\/page"}],"author":[{"embeddable":true,"href":"https:\/\/gral-gmbh.de\/en\/wp-json\/wp\/v2\/users\/1"}],"replies":[{"embeddable":true,"href":"https:\/\/gral-gmbh.de\/en\/wp-json\/wp\/v2\/comments?post=1233"}],"version-history":[{"count":0,"href":"https:\/\/gral-gmbh.de\/en\/wp-json\/wp\/v2\/pages\/1233\/revisions"}],"up":[{"embeddable":true,"href":"https:\/\/gral-gmbh.de\/en\/wp-json\/wp\/v2\/pages\/1228"}],"wp:featuredmedia":[{"embeddable":true,"href":"https:\/\/gral-gmbh.de\/en\/wp-json\/wp\/v2\/media\/1134"}],"wp:attachment":[{"href":"https:\/\/gral-gmbh.de\/en\/wp-json\/wp\/v2\/media?parent=1233"}],"curies":[{"name":"wp","href":"https:\/\/api.w.org\/{rel}","templated":true}]}}